{"id":432,"date":"2017-04-30T16:41:14","date_gmt":"2017-04-30T13:41:14","guid":{"rendered":"http:\/\/mdcs.girisimhane.net\/?page_id=432"},"modified":"2017-05-12T19:13:36","modified_gmt":"2017-05-12T16:13:36","slug":"projeler","status":"publish","type":"page","link":"http:\/\/mdcs.girisimhane.net\/index.php\/projeler\/","title":{"rendered":"Projeler"},"content":{"rendered":"<p>MDCS temelinde uygulama odakl\u0131 bir \u00e7al\u0131\u015ftayd\u0131r. Programlar\u0131m\u0131z\u0131n her birinde kat\u0131l\u0131mc\u0131lar kendi kurgulad\u0131klar\u0131 firmalar i\u00e7in ileti\u015fim stratejisi geli\u015ftirir ve bu stratejiler \u00e7er\u00e7evesinde \u00e7e\u015fitli \u00e7al\u0131\u015fmalar\u0131 yaparlar. D\u00fczenledi\u011fimiz her \u00e7al\u0131\u015fmada yarat\u0131lanlar\u0131 a\u015fa\u011f\u0131daki sayfalarda bulabilirsiniz.<\/p>\n<ul>\n<li>ALK\u00dc Bahar 2017<\/li>\n<li>InnoCampus Gaziantep Giri\u015fimci H\u0131zland\u0131rma \u00c7al\u0131\u015ftay\u0131<\/li>\n<\/ul>\n","protected":false},"excerpt":{"rendered":"<p>MDCS temelinde uygulama odakl\u0131 bir \u00e7al\u0131\u015ftayd\u0131r. Programlar\u0131m\u0131z\u0131n her birinde kat\u0131l\u0131mc\u0131lar kendi kurgulad\u0131klar\u0131 firmalar i\u00e7in ileti\u015fim stratejisi geli\u015ftirir ve bu stratejiler \u00e7er\u00e7evesinde \u00e7e\u015fitli \u00e7al\u0131\u015fmalar\u0131 yaparlar. D\u00fczenledi\u011fimiz her \u00e7al\u0131\u015fmada yarat\u0131lanlar\u0131 a\u015fa\u011f\u0131daki sayfalarda bulabilirsiniz. ALK\u00dc Bahar 2017 InnoCampus Gaziantep Giri\u015fimci H\u0131zland\u0131rma \u00c7al\u0131\u015ftay\u0131<\/p>\n","protected":false},"author":1,"featured_media":0,"parent":0,"menu_order":0,"comment_status":"closed","ping_status":"closed","template":"fullwidth.php","meta":{"_mi_skip_tracking":false},"_links":{"self":[{"href":"http:\/\/mdcs.girisimhane.net\/index.php\/wp-json\/wp\/v2\/pages\/432"}],"collection":[{"href":"http:\/\/mdcs.girisimhane.net\/index.php\/wp-json\/wp\/v2\/pages"}],"about":[{"href":"http:\/\/mdcs.girisimhane.net\/index.php\/wp-json\/wp\/v2\/types\/page"}],"author":[{"embeddable":true,"href":"http:\/\/mdcs.girisimhane.net\/index.php\/wp-json\/wp\/v2\/users\/1"}],"replies":[{"embeddable":true,"href":"http:\/\/mdcs.girisimhane.net\/index.php\/wp-json\/wp\/v2\/comments?post=432"}],"version-history":[{"count":3,"href":"http:\/\/mdcs.girisimhane.net\/index.php\/wp-json\/wp\/v2\/pages\/432\/revisions"}],"predecessor-version":[{"id":457,"href":"http:\/\/mdcs.girisimhane.net\/index.php\/wp-json\/wp\/v2\/pages\/432\/revisions\/457"}],"wp:attachment":[{"href":"http:\/\/mdcs.girisimhane.net\/index.php\/wp-json\/wp\/v2\/media?parent=432"}],"curies":[{"name":"wp","href":"https:\/\/api.w.org\/{rel}","templated":true}]}}