{"id":352,"date":"2017-02-21T10:44:42","date_gmt":"2017-02-21T07:44:42","guid":{"rendered":"http:\/\/mdcs.girisimhane.net\/?page_id=352"},"modified":"2017-03-03T19:43:48","modified_gmt":"2017-03-03T16:43:48","slug":"dokuwiki-kurum-ve-temel-kullanimi","status":"publish","type":"page","link":"http:\/\/mdcs.girisimhane.net\/index.php\/teknik-bilgiler\/dokuwiki-kurum-ve-temel-kullanimi\/","title":{"rendered":"DokuWiki Kurum ve Temel Kullan\u0131m\u0131"},"content":{"rendered":"<h1>Sunum<\/h1>\n<p><center><br \/>\n<iframe loading=\"lazy\" src=\"https:\/\/www.youtube.com\/embed\/12TqGFg3ve4\" width=\"560\" height=\"315\" frameborder=\"0\" allowfullscreen=\"allowfullscreen\"><\/iframe>Ders \u0130\u00e7eri\u011fi<\/center><\/p>\n","protected":false},"excerpt":{"rendered":"<p>Sunum Ders \u0130\u00e7eri\u011fi<\/p>\n","protected":false},"author":1,"featured_media":353,"parent":380,"menu_order":0,"comment_status":"closed","ping_status":"closed","template":"fullwidth.php","meta":{"_mi_skip_tracking":false},"_links":{"self":[{"href":"http:\/\/mdcs.girisimhane.net\/index.php\/wp-json\/wp\/v2\/pages\/352"}],"collection":[{"href":"http:\/\/mdcs.girisimhane.net\/index.php\/wp-json\/wp\/v2\/pages"}],"about":[{"href":"http:\/\/mdcs.girisimhane.net\/index.php\/wp-json\/wp\/v2\/types\/page"}],"author":[{"embeddable":true,"href":"http:\/\/mdcs.girisimhane.net\/index.php\/wp-json\/wp\/v2\/users\/1"}],"replies":[{"embeddable":true,"href":"http:\/\/mdcs.girisimhane.net\/index.php\/wp-json\/wp\/v2\/comments?post=352"}],"version-history":[{"count":3,"href":"http:\/\/mdcs.girisimhane.net\/index.php\/wp-json\/wp\/v2\/pages\/352\/revisions"}],"predecessor-version":[{"id":376,"href":"http:\/\/mdcs.girisimhane.net\/index.php\/wp-json\/wp\/v2\/pages\/352\/revisions\/376"}],"up":[{"embeddable":true,"href":"http:\/\/mdcs.girisimhane.net\/index.php\/wp-json\/wp\/v2\/pages\/380"}],"wp:featuredmedia":[{"embeddable":true,"href":"http:\/\/mdcs.girisimhane.net\/index.php\/wp-json\/wp\/v2\/media\/353"}],"wp:attachment":[{"href":"http:\/\/mdcs.girisimhane.net\/index.php\/wp-json\/wp\/v2\/media?parent=352"}],"curies":[{"name":"wp","href":"https:\/\/api.w.org\/{rel}","templated":true}]}}