{"id":290,"date":"2017-02-16T10:23:33","date_gmt":"2017-02-16T07:23:33","guid":{"rendered":"http:\/\/mdcs.girisimhane.net\/?page_id=290"},"modified":"2017-02-17T05:35:37","modified_gmt":"2017-02-17T02:35:37","slug":"seminer-ilham-ve-hedefleri","status":"publish","type":"page","link":"http:\/\/mdcs.girisimhane.net\/index.php\/dersler\/seminer-ilham-ve-hedefleri\/","title":{"rendered":"Seminer \u0130lham ve Hedefleri"},"content":{"rendered":"<h1>Sunum<\/h1>\n<p><center><br \/>\n<iframe loading=\"lazy\" src=\"https:\/\/www.youtube.com\/embed\/4NqOjHdRq3o\" width=\"560\" height=\"315\" frameborder=\"0\" allowfullscreen=\"allowfullscreen\"><\/iframe><br \/>\n<\/center><\/p>\n<h1>Haz\u0131rl\u0131k<\/h1>\n<p>Sizi heyecanland\u0131ran ve Alanya&#8217;n\u0131n\u00a0turizm sekt\u00f6r\u00fc ile ilgili bir konu ba\u015fl\u0131\u011f\u0131 se\u00e7in. Seminerimiz boyunca se\u00e7mi\u015f oldu\u011funuz bu konu ba\u015fl\u0131\u011f\u0131 \u00fczerine sanal bir tan\u0131t\u0131m firmas\u0131 kuraca\u011f\u0131z. Bu se\u00e7mi\u015f oldu\u011funuz konu \u00fczerine seminerin farkl\u0131 safhalar\u0131nda web sites, sosyal medya kanall\u0131, kurumsal haf\u0131za ve di\u011fer ileti\u015fimsel alt yap\u0131lar\u0131 kuraca\u011f\u0131z.<\/p>\n<p>\u00d6rnek konu ba\u015fl\u0131klar\u0131:<\/p>\n<ul>\n<li>Alanya&#8217;daki canl\u0131 m\u00fczik yerleri<\/li>\n<li>Alanya&#8217;daki ev yemekleri restoranlar\u0131<\/li>\n<li>Alanya&#8217;daki ko\u015fu parkurlar\u0131 ve etkinlikleri<\/li>\n<li>Alanya&#8217;daki portakal bah\u00e7eleri<\/li>\n<\/ul>\n<p>Derste se\u00e7mi\u015f oldu\u011funuz konu hakk\u0131nda a\u015fa\u011f\u0131daki sunumu yapmaya haz\u0131r olun:<\/p>\n<ul>\n<li>Se\u00e7ti\u011finiz konu nedir?<\/li>\n<li>Sizi bu konu neden heyecanland\u0131r\u0131yor?<\/li>\n<li>Alanya&#8217;n\u0131n turizm sekt\u00f6r\u00fcne neden fayda sa\u011flar?<\/li>\n<li>Hangi hedef kitleye y\u00f6neliktir?<\/li>\n<li>Hedef kitlenizi bu konu neden heyecanland\u0131racak?<\/li>\n<li>Sanal firman\u0131z\u0131n ismi nedir?<\/li>\n<\/ul>\n<h1>Ders \u0130\u00e7eri\u011fi<\/h1>\n<p>T\u00fcrkiye turizm sekt\u00f6r\u00fcn\u00fcn ba\u015flang\u0131c\u0131 y\u0131ll\u0131k turist say\u0131s\u0131n\u0131n 2 milyonu a\u015ft\u0131\u011f\u0131 80&#8217;lerin sonu olarak kabul edilebilir. Aradan ge\u00e7en 30 y\u0131l i\u00e7erisinde hem T\u00fcrkiye&#8217;de hem D\u00fcnya&#8217;da k\u00fclt\u00fcrel, teknolojik, sosyal ve politik olarak bir\u00e7ok \u015fey de\u011fi\u015fmi\u015f olmas\u0131na ramen T\u00fcrk Turizm sekt\u00f6r\u00fcn\u00fcn temel \u00e7al\u0131\u015fma \u015fekli\u00a02017 y\u0131l\u0131nda halen 80&#8217;lerde olu\u015fmu\u015f \u015fablonlar\u0131 takip etmekte.<\/p>\n<p>Bu kemikle\u015fmi\u015f yap\u0131 en a\u00e7\u0131k \u015fekilde turistik i\u015fletmelerde ileti\u015fim alan\u0131nda\u00a0kulland\u0131klar\u0131 y\u00f6ntemlerde g\u00f6r\u00fclebilir. Dijital teknolojilerin hayat\u0131m\u0131z\u0131n her noktas\u0131na girdi\u011fi bug\u00fcn turistik tesisler hala\u00a0tan\u0131t\u0131m \u00e7al\u0131\u015fmalar\u0131 a\u011f\u0131rl\u0131kl\u0131 olarak bro\u015f\u00fcr, katalog, gazete ilan\u0131 gibi bas\u0131l\u0131 yay\u0131nlar\u0131, fuar gibi sekt\u00f6rel toplant\u0131lar\u0131, kalem defter gibi e\u015fantiyonlar\u0131 kullanmaktalar. \u0130leti\u015fimin B2B boyutunda otel ve acenta aras\u0131ndaki ileti\u015fimin temelleri art\u0131k anlam\u0131n\u0131 yitirmi\u015f statik kontenjan anla\u015fmalar\u0131 olu\u015fturmakta.<\/p>\n<p>Yeni teknolojileri kullanmaya \u00e7al\u0131\u015f\u0131ld\u0131\u011f\u0131nda bile ciddi bir amat\u00f6rl\u00fck g\u00f6zlenebilir. \u0130lk \u00e7\u0131kt\u0131\u011f\u0131 d\u00f6nemlerdeki teknik olanak ve ihtiya\u00e7lara g\u00f6re \u015fekillenmi\u015f olan ge\u00e7mi\u015f y\u00f6ntemleri temel hatlar\u0131nda hi\u00e7bir de\u011fi\u015fiklik yapmadan sadece yeni teknolojileri kullanarak yeniden paketlenmi\u015f \u00f6rnekleri bulmak \u00e7ok kolay. \u00d6rnek olarak eskiden ka\u011f\u0131t \u00fczerinde m\u00fc\u015fterilere sunular anketler \u015fimdilerde bilgisayar ekran\u0131ndan sunuluyor. Ortadan ka\u011f\u0131d\u0131n kaybolmu\u015f olmas\u0131 haricinde ne bilginin toplanma ne de analizi noktas\u0131nda en ufak bir yenilik sunmayan bu \u00e7al\u0131\u015fma \u015fekli i\u015fletmelerin kendilerini iyi hissetmeleri haricinde hatr\u0131 say\u0131l\u0131r hi\u00e7bir de\u011fer kazand\u0131rm\u0131yor.<\/p>\n<p>Esas olan ya\u015fad\u0131\u011f\u0131m\u0131z bu yeni dijital \u00e7a\u011f\u0131n bize sundu\u011fu olanaklar\u0131 temel alan yeni bir d\u00fc\u015f\u00fcnce \u015feklinde ge\u00e7mektir. Seminerin ba\u015fl\u0131\u011f\u0131 bu i\u015fte bu yeni d\u00fc\u015f\u00fcnce \u015feklinin \u00fczerine in\u015fa edilece\u011fi \u00fc\u00e7 ana ba\u015fl\u0131\u011f\u0131 betimlemektedir.<\/p>\n<p><strong>Modern.<\/strong> Yeni teknolojiler \u00e7al\u0131\u015fma modellerinde \u00e7ok yeni mekanizmalar kurmam\u0131za olanak sa\u011fl\u0131yor. Eskiden kullan\u0131lan ka\u011f\u0131t bazl\u0131 \u00e7al\u0131\u015fma modellerinin d\u0131\u015f\u0131na \u00e7\u0131karak bilgiye ula\u015fma, bilgiyi i\u015fleme ve ortaya \u00e7\u0131kan sonu\u00e7lara tepki vermede yeni hatlar yaratmam\u0131z m\u00fcmk\u00fcn. De\u011fi\u015fen teknoloji, k\u00fclt\u00fcr ve sosyal ya\u015fam g\u00fcn\u00fcm\u00fcz m\u00fc\u015fterilerinin beklenti ve al\u0131\u015fkanl\u0131klar\u0131n\u0131 da ciddi \u015fekilde de\u011fi\u015ftirdi. Dolay\u0131s\u0131 ile bug\u00fcn\u00fcn turizm i\u015fletmesi bu yeni sosyal yap\u0131 i\u00e7erisindeki hassasiyet ve ihtiya\u00e7lar\u0131 g\u00f6zeterek \u00e7al\u0131\u015fmas\u0131 gerekmektedir. Ayn\u0131 \u015fekilde ticari i\u015fletmelerin ihtiya\u00e7 ve finansal ger\u00e7ekleri de makro ve mikro d\u00fczeyde \u00e7ok farkl\u0131 yap\u0131lara kayd\u0131. Modern bir \u00e7al\u0131\u015fma t\u00fcm bu farkl\u0131l\u0131klar\u0131n fark\u0131nda olmal\u0131d\u0131r.<\/p>\n<p><strong>Dijital.<\/strong> Teknolojinin de\u011fi\u015fim h\u0131z\u0131 insanl\u0131k tarihinde hi\u00e7 olmad\u0131\u011f\u0131 kadar y\u00fckseldi. Bu de\u011fi\u015fimin her ge\u00e7en g\u00fcn artarak devam edece\u011fi de a\u015fikar. Yapay zeka ve robotik teknolojilerinin liderli\u011finde \u00e7ok b\u00fcy\u00fck bir otomasyon devriminin de ayak seslerini duymamak elde de\u011fil. G\u00fcn\u00fcm\u00fczde \u0130nternet&#8217;in sa\u011flad\u0131\u011f\u0131 d\u00fc\u015f\u00fck maliyetli global ileti\u015fim olanaklar\u0131n\u0131n \u00fczerine in\u015fa edilmi\u015f yeni reklam, sat\u0131\u015f ve m\u00fc\u015fteri takip sistemleri bunlardan faydalanabilen i\u015fletmelere b\u00fcy\u00fck bir g\u00fc\u00e7 sunuyor. Bu yeni kanallar\u0131n avantaj ve k\u0131s\u0131tlamalar\u0131n\u0131 anlamak ve bu kanallarda \u00e7al\u0131\u015fmay\u0131 sa\u011flayacak ara\u00e7lara tam hakim olmak dolay\u0131s\u0131 ile hayati \u00f6nem ta\u015f\u0131yor.<\/p>\n<p><strong>\u0130leti\u015fim.<\/strong>\u00a0Seminerimizin ana temas\u0131 olan ileti\u015fimin temel dinamiklerinde de son y\u0131llardaki\u00a0\u00e7e\u015fitli psikolojik ve bili\u015fsel \u00e7al\u0131\u015fmalar\u0131n sonu\u00e7lar\u0131 b\u00fcy\u00fck de\u011fi\u015fimler yaratt\u0131. Bug\u00fcn insan beyninin \u00e7al\u0131\u015fma modeli hakk\u0131nda be\u015f y\u0131l \u00f6ncesine g\u00f6re \u00e7ok daha fazla bilgiye sahibiz. \u0130nsanlar\u0131n karar verme mekanizmalar\u0131n\u0131n ne \u015fekilde \u00e7al\u0131\u015ft\u0131\u011f\u0131, nas\u0131l yan\u0131labildi\u011fi, veya yan\u0131lt\u0131labildi\u011fi \u00fczerine bir\u00e7ok y\u00f6ntem akademik yay\u0131nlarda bulunabilir. \u0130leti\u015fimdeki ba\u015far\u0131 i\u00e7inden ge\u00e7ti\u011fimiz d\u00f6nemde artan bilgi ak\u0131\u015f\u0131ndan dolay\u0131 ki\u015filerin azalan dikkat seviyesi, kar\u015f\u0131la\u015ft\u0131klar\u0131 yay\u0131nlar\u0131 irdeleme ve karar verme \u015fekillerindeki\u00a0farkl\u0131l\u0131klar\u0131 g\u00f6zetmekten ge\u00e7iyor.<\/p>\n<p>&nbsp;<\/p>\n","protected":false},"excerpt":{"rendered":"<p>Sunum Haz\u0131rl\u0131k Sizi heyecanland\u0131ran ve Alanya&#8217;n\u0131n\u00a0turizm sekt\u00f6r\u00fc ile ilgili bir konu ba\u015fl\u0131\u011f\u0131 se\u00e7in. Seminerimiz boyunca se\u00e7mi\u015f oldu\u011funuz bu konu ba\u015fl\u0131\u011f\u0131 \u00fczerine sanal bir tan\u0131t\u0131m firmas\u0131 kuraca\u011f\u0131z. Bu se\u00e7mi\u015f oldu\u011funuz konu \u00fczerine seminerin farkl\u0131 safhalar\u0131nda web sites, sosyal medya kanall\u0131, kurumsal haf\u0131za ve di\u011fer ileti\u015fimsel alt yap\u0131lar\u0131 kuraca\u011f\u0131z. \u00d6rnek konu ba\u015fl\u0131klar\u0131: Alanya&#8217;daki canl\u0131 m\u00fczik yerleri Alanya&#8217;daki [&hellip;]<\/p>\n","protected":false},"author":1,"featured_media":0,"parent":155,"menu_order":0,"comment_status":"closed","ping_status":"closed","template":"fullwidth.php","meta":{"_mi_skip_tracking":false},"_links":{"self":[{"href":"http:\/\/mdcs.girisimhane.net\/index.php\/wp-json\/wp\/v2\/pages\/290"}],"collection":[{"href":"http:\/\/mdcs.girisimhane.net\/index.php\/wp-json\/wp\/v2\/pages"}],"about":[{"href":"http:\/\/mdcs.girisimhane.net\/index.php\/wp-json\/wp\/v2\/types\/page"}],"author":[{"embeddable":true,"href":"http:\/\/mdcs.girisimhane.net\/index.php\/wp-json\/wp\/v2\/users\/1"}],"replies":[{"embeddable":true,"href":"http:\/\/mdcs.girisimhane.net\/index.php\/wp-json\/wp\/v2\/comments?post=290"}],"version-history":[{"count":4,"href":"http:\/\/mdcs.girisimhane.net\/index.php\/wp-json\/wp\/v2\/pages\/290\/revisions"}],"predecessor-version":[{"id":297,"href":"http:\/\/mdcs.girisimhane.net\/index.php\/wp-json\/wp\/v2\/pages\/290\/revisions\/297"}],"up":[{"embeddable":true,"href":"http:\/\/mdcs.girisimhane.net\/index.php\/wp-json\/wp\/v2\/pages\/155"}],"wp:attachment":[{"href":"http:\/\/mdcs.girisimhane.net\/index.php\/wp-json\/wp\/v2\/media?parent=290"}],"curies":[{"name":"wp","href":"https:\/\/api.w.org\/{rel}","templated":true}]}}