{"id":182,"date":"2017-01-22T22:35:24","date_gmt":"2017-01-22T19:35:24","guid":{"rendered":"http:\/\/mdcs.girisimhane.net\/?page_id=182"},"modified":"2017-02-17T05:50:52","modified_gmt":"2017-02-17T02:50:52","slug":"basvuru","status":"publish","type":"page","link":"http:\/\/mdcs.girisimhane.net\/index.php\/basvuru\/","title":{"rendered":"Ba\u015fvuru"},"content":{"rendered":"<p>MDCS Bahar 2017 kay\u0131t d\u00f6nemi bitmi\u015ftir. \u00c7al\u0131\u015fmalar\u0131m\u0131z\u0131 \u0130nternet \u00fczerinden takip etmek isterseniz l\u00fctfen haber postam\u0131za \u00fcye olun.<\/p>\n<p>[newsletters_subscribe form=1]<\/p>\n","protected":false},"excerpt":{"rendered":"<p>MDCS Bahar 2017 kay\u0131t d\u00f6nemi bitmi\u015ftir. \u00c7al\u0131\u015fmalar\u0131m\u0131z\u0131 \u0130nternet \u00fczerinden takip etmek isterseniz l\u00fctfen haber postam\u0131za \u00fcye olun. [newsletters_subscribe form=1]<\/p>\n","protected":false},"author":1,"featured_media":0,"parent":0,"menu_order":0,"comment_status":"closed","ping_status":"closed","template":"fullwidth.php","meta":{"_mi_skip_tracking":false},"_links":{"self":[{"href":"http:\/\/mdcs.girisimhane.net\/index.php\/wp-json\/wp\/v2\/pages\/182"}],"collection":[{"href":"http:\/\/mdcs.girisimhane.net\/index.php\/wp-json\/wp\/v2\/pages"}],"about":[{"href":"http:\/\/mdcs.girisimhane.net\/index.php\/wp-json\/wp\/v2\/types\/page"}],"author":[{"embeddable":true,"href":"http:\/\/mdcs.girisimhane.net\/index.php\/wp-json\/wp\/v2\/users\/1"}],"replies":[{"embeddable":true,"href":"http:\/\/mdcs.girisimhane.net\/index.php\/wp-json\/wp\/v2\/comments?post=182"}],"version-history":[{"count":8,"href":"http:\/\/mdcs.girisimhane.net\/index.php\/wp-json\/wp\/v2\/pages\/182\/revisions"}],"predecessor-version":[{"id":300,"href":"http:\/\/mdcs.girisimhane.net\/index.php\/wp-json\/wp\/v2\/pages\/182\/revisions\/300"}],"wp:attachment":[{"href":"http:\/\/mdcs.girisimhane.net\/index.php\/wp-json\/wp\/v2\/media?parent=182"}],"curies":[{"name":"wp","href":"https:\/\/api.w.org\/{rel}","templated":true}]}}